{"id":26,"date":"2014-02-25T23:07:32","date_gmt":"2014-02-25T22:07:32","guid":{"rendered":"http:\/\/slovak4u.com\/?page_id=26"},"modified":"2014-08-14T18:31:02","modified_gmt":"2014-08-14T17:31:02","slug":"home-page-domovska-stranka","status":"publish","type":"page","link":"https:\/\/slovak4u.com\/sk\/","title":{"rendered":"Slovak4U.com Domovsk\u00e1 str\u00e1nka"},"content":{"rendered":"<p><\/p>\n<p>Are you ready to learn ? Have you just arrived in the Slovak Republic and need to learn basic Slovak ? Start right now @ Slovak for you ! You will learn for example how to:<\/p>\n<ul>\n<li>actively use phrases for meeting people and introductions,<\/li>\n<li>actively use phrases for shopping or visiting restaurants,<\/li>\n<li>ask for directions to places around the city,<\/li>\n<li>actively use numbers,<\/li>\n<li>use other useful Slovak vocabulary.<\/li>\n<\/ul>\n<p>Creating a relaxed atmosphere in order to teach you effectively and with great progress.<\/p>\n<p><script>\/\/ <![CDATA[\n(function(i,s,o,g,r,a,m){i['GoogleAnalyticsObject']=r;i[r]=i[r]||function(){   (i[r].q=i[r].q||[]).push(arguments)},i[r].l=1*new Date();a=s.createElement(o),   m=s.getElementsByTagName(o)[0];a.async=1;a.src=g;m.parentNode.insertBefore(a,m)   })(window,document,'script','\/\/www.google-analytics.com\/analytics.js','ga');   ga('create', 'UA-52272374-1', 'slovak4u.com');   ga('send', 'pageview');\n\/\/ ]]><\/script><\/p>","protected":false},"excerpt":{"rendered":"<p>Are you ready to learn ? Have you just arrived in the Slovak Republic and need to learn basic Slovak ? Start right now @ Slovak for you ! You will learn for example how to: actively use phrases for meeting people and introductions, actively use phrases for shopping or visiting restaurants, ask for directions [&hellip;]<\/p>\n","protected":false},"author":1,"featured_media":0,"parent":0,"menu_order":0,"comment_status":"closed","ping_status":"open","template":"templates\/template-full-notitle.php","meta":{"_s2mail":"yes","footnotes":""},"class_list":["post-26","page","type-page","status-publish","hentry","post"],"yoast_head":"<!-- This site is optimized with the Yoast SEO plugin v15.5 - https:\/\/yoast.com\/wordpress\/plugins\/seo\/ -->\n<title>Slovak4U.com | Slovak | English | Sloven\u010dina | Angli\u010dtina<\/title>\n<meta name=\"description\" content=\"Slovak for you ! You will learn for example how to: actively use phrases for meeting people and introductions, actively use phrases for shopping or visi ...\" \/>\n<meta name=\"robots\" content=\"index, follow, max-snippet:-1, max-image-preview:large, max-video-preview:-1\" \/>\n<link rel=\"canonical\" href=\"https:\/\/slovak4u.com\/\" \/>\n<meta property=\"og:locale\" content=\"sk_SK\" \/>\n<meta property=\"og:type\" content=\"article\" \/>\n<meta property=\"og:title\" content=\"Slovak4U.com | Slovak | English | Sloven\u010dina | Angli\u010dtina\" \/>\n<meta property=\"og:description\" content=\"Slovak for you ! You will learn for example how to: actively use phrases for meeting people and introductions, actively use phrases for shopping or visi ...\" \/>\n<meta property=\"og:url\" content=\"https:\/\/slovak4u.com\/\" \/>\n<meta property=\"og:site_name\" content=\"Slovak4U.com | Sloven\u010dina | Angli\u010dtina | Slovak | English\" \/>\n<meta property=\"article:modified_time\" content=\"2014-08-14T17:31:02+00:00\" \/>\n<meta name=\"twitter:card\" content=\"summary_large_image\" \/>\n<meta name=\"twitter:label1\" content=\"Predpokladan\u00fd \u010das \u010d\u00edtania\">\n\t<meta name=\"twitter:data1\" content=\"1 min\u00fata\">\n<script type=\"application\/ld+json\" class=\"yoast-schema-graph\">{\"@context\":\"https:\/\/schema.org\",\"@graph\":[{\"@type\":\"WebSite\",\"@id\":\"https:\/\/slovak4u.com\/#website\",\"url\":\"https:\/\/slovak4u.com\/\",\"name\":\"Slovak4U.com | Sloven\\u010dina | Angli\\u010dtina | Slovak | English\",\"description\":\"Slovak4U.com | Slovak | English | Sloven\\u010dina | Angli\\u010dtina\",\"potentialAction\":[{\"@type\":\"SearchAction\",\"target\":\"https:\/\/slovak4u.com\/?s={search_term_string}\",\"query-input\":\"required name=search_term_string\"}],\"inLanguage\":\"sk-SK\"},{\"@type\":\"WebPage\",\"@id\":\"https:\/\/slovak4u.com\/#webpage\",\"url\":\"https:\/\/slovak4u.com\/\",\"name\":\"Slovak4U.com | Slovak | English | Sloven\\u010dina | Angli\\u010dtina\",\"isPartOf\":{\"@id\":\"https:\/\/slovak4u.com\/#website\"},\"datePublished\":\"2014-02-25T22:07:32+00:00\",\"dateModified\":\"2014-08-14T17:31:02+00:00\",\"description\":\"Slovak for you ! You will learn for example how to: actively use phrases for meeting people and introductions, actively use phrases for shopping or visi ...\",\"inLanguage\":\"sk-SK\",\"potentialAction\":[{\"@type\":\"ReadAction\",\"target\":[\"https:\/\/slovak4u.com\/\"]}]}]}<\/script>\n<!-- \/ Yoast SEO plugin. -->","_links":{"self":[{"href":"https:\/\/slovak4u.com\/sk\/wp-json\/wp\/v2\/pages\/26","targetHints":{"allow":["GET"]}}],"collection":[{"href":"https:\/\/slovak4u.com\/sk\/wp-json\/wp\/v2\/pages"}],"about":[{"href":"https:\/\/slovak4u.com\/sk\/wp-json\/wp\/v2\/types\/page"}],"author":[{"embeddable":true,"href":"https:\/\/slovak4u.com\/sk\/wp-json\/wp\/v2\/users\/1"}],"replies":[{"embeddable":true,"href":"https:\/\/slovak4u.com\/sk\/wp-json\/wp\/v2\/comments?post=26"}],"version-history":[{"count":23,"href":"https:\/\/slovak4u.com\/sk\/wp-json\/wp\/v2\/pages\/26\/revisions"}],"predecessor-version":[{"id":82,"href":"https:\/\/slovak4u.com\/sk\/wp-json\/wp\/v2\/pages\/26\/revisions\/82"}],"wp:attachment":[{"href":"https:\/\/slovak4u.com\/sk\/wp-json\/wp\/v2\/media?parent=26"}],"curies":[{"name":"wp","href":"https:\/\/api.w.org\/{rel}","templated":true}]}}