{"id":160,"date":"2014-08-14T15:15:59","date_gmt":"2014-08-14T14:15:59","guid":{"rendered":"http:\/\/slovak4u.com\/?page_id=160"},"modified":"2014-09-08T11:52:21","modified_gmt":"2014-09-08T09:52:21","slug":"slovak-language-slovensky-jazyk","status":"publish","type":"page","link":"https:\/\/slovak4u.com\/sk\/languages-and-education-jazyky-a-vzdelavanie\/slovak-language-slovensky-jazyk\/","title":{"rendered":"Slovensk\u00fd jazyk"},"content":{"rendered":"<p class=\"qtranxs-available-languages-message qtranxs-available-languages-message-sk\">Sorry, this entry is only available in <a href=\"https:\/\/slovak4u.com\/en\/wp-json\/wp\/v2\/pages\/160\" class=\"qtranxs-available-language-link qtranxs-available-language-link-en\" title=\"English\">English<\/a>.<\/p>","protected":false},"excerpt":{"rendered":"<p>Sorry, this entry is only available in English.<\/p>\n","protected":false},"author":1,"featured_media":0,"parent":114,"menu_order":0,"comment_status":"closed","ping_status":"closed","template":"","meta":{"_s2mail":"yes","footnotes":""},"class_list":["post-160","page","type-page","status-publish","hentry","post"],"yoast_head":"<!-- This site is optimized with the Yoast SEO plugin v15.5 - https:\/\/yoast.com\/wordpress\/plugins\/seo\/ -->\n<title>Slovak4U.com | Slovak language | Slovensk\u00fd jazyk<\/title>\n<meta name=\"robots\" content=\"index, follow, max-snippet:-1, max-image-preview:large, max-video-preview:-1\" \/>\n<link rel=\"canonical\" href=\"https:\/\/slovak4u.com\/languages-and-education-jazyky-a-vzdelavanie\/slovak-language-slovensky-jazyk\/\" \/>\n<meta property=\"og:locale\" content=\"sk_SK\" \/>\n<meta property=\"og:type\" content=\"article\" \/>\n<meta property=\"og:title\" content=\"Slovak4U.com | Slovak language | Slovensk\u00fd jazyk\" \/>\n<meta property=\"og:description\" content=\"Sorry, this entry is only available in English.\" \/>\n<meta property=\"og:url\" content=\"https:\/\/slovak4u.com\/languages-and-education-jazyky-a-vzdelavanie\/slovak-language-slovensky-jazyk\/\" \/>\n<meta property=\"og:site_name\" content=\"Slovak4U.com | Sloven\u010dina | Angli\u010dtina | Slovak | English\" \/>\n<meta property=\"article:modified_time\" content=\"2014-09-08T09:52:21+00:00\" \/>\n<meta name=\"twitter:card\" content=\"summary_large_image\" \/>\n<meta name=\"twitter:label1\" content=\"Predpokladan\u00fd \u010das \u010d\u00edtania\">\n\t<meta name=\"twitter:data1\" content=\"0 min\u00fat\">\n<script type=\"application\/ld+json\" class=\"yoast-schema-graph\">{\"@context\":\"https:\/\/schema.org\",\"@graph\":[{\"@type\":\"WebSite\",\"@id\":\"https:\/\/slovak4u.com\/#website\",\"url\":\"https:\/\/slovak4u.com\/\",\"name\":\"Slovak4U.com | Sloven\\u010dina | Angli\\u010dtina | Slovak | English\",\"description\":\"Slovak4U.com | Slovak | English | Sloven\\u010dina | Angli\\u010dtina\",\"potentialAction\":[{\"@type\":\"SearchAction\",\"target\":\"https:\/\/slovak4u.com\/?s={search_term_string}\",\"query-input\":\"required name=search_term_string\"}],\"inLanguage\":\"sk-SK\"},{\"@type\":\"WebPage\",\"@id\":\"https:\/\/slovak4u.com\/languages-and-education-jazyky-a-vzdelavanie\/slovak-language-slovensky-jazyk\/#webpage\",\"url\":\"https:\/\/slovak4u.com\/languages-and-education-jazyky-a-vzdelavanie\/slovak-language-slovensky-jazyk\/\",\"name\":\"Slovak4U.com | Slovak language | Slovensk\\u00fd jazyk\",\"isPartOf\":{\"@id\":\"https:\/\/slovak4u.com\/#website\"},\"datePublished\":\"2014-08-14T14:15:59+00:00\",\"dateModified\":\"2014-09-08T09:52:21+00:00\",\"inLanguage\":\"sk-SK\",\"potentialAction\":[{\"@type\":\"ReadAction\",\"target\":[\"https:\/\/slovak4u.com\/languages-and-education-jazyky-a-vzdelavanie\/slovak-language-slovensky-jazyk\/\"]}]}]}<\/script>\n<!-- \/ Yoast SEO plugin. -->","_links":{"self":[{"href":"https:\/\/slovak4u.com\/sk\/wp-json\/wp\/v2\/pages\/160","targetHints":{"allow":["GET"]}}],"collection":[{"href":"https:\/\/slovak4u.com\/sk\/wp-json\/wp\/v2\/pages"}],"about":[{"href":"https:\/\/slovak4u.com\/sk\/wp-json\/wp\/v2\/types\/page"}],"author":[{"embeddable":true,"href":"https:\/\/slovak4u.com\/sk\/wp-json\/wp\/v2\/users\/1"}],"replies":[{"embeddable":true,"href":"https:\/\/slovak4u.com\/sk\/wp-json\/wp\/v2\/comments?post=160"}],"version-history":[{"count":18,"href":"https:\/\/slovak4u.com\/sk\/wp-json\/wp\/v2\/pages\/160\/revisions"}],"predecessor-version":[{"id":299,"href":"https:\/\/slovak4u.com\/sk\/wp-json\/wp\/v2\/pages\/160\/revisions\/299"}],"up":[{"embeddable":true,"href":"https:\/\/slovak4u.com\/sk\/wp-json\/wp\/v2\/pages\/114"}],"wp:attachment":[{"href":"https:\/\/slovak4u.com\/sk\/wp-json\/wp\/v2\/media?parent=160"}],"curies":[{"name":"wp","href":"https:\/\/api.w.org\/{rel}","templated":true}]}}