{"id":157,"date":"2014-08-14T15:12:06","date_gmt":"2014-08-14T14:12:06","guid":{"rendered":"http:\/\/slovak4u.com\/?page_id=157"},"modified":"2014-10-14T13:38:14","modified_gmt":"2014-10-14T11:38:14","slug":"preparation-for-slovak-language-exams-priprava-na-prijimacie-pohovory-zo-slovenskeho-jazyka","status":"publish","type":"page","link":"https:\/\/slovak4u.com\/sk\/languages-and-education-jazyky-a-vzdelavanie\/slovak-language-slovensky-jazyk\/preparation-for-slovak-language-exams-priprava-na-prijimacie-pohovory-zo-slovenskeho-jazyka\/","title":{"rendered":"Pr\u00edprava na prij\u00edmacie pohovory zo slovensk\u00e9ho jazyka"},"content":{"rendered":"<p>Pon\u00fakame V\u00e1m prec\u00edznu pr\u00edpravu na prij\u00edmacie pohovory zo slovensk\u00e9ho jazyka a literat\u00fary na v\u0161etky typy \u0161k\u00f4l.<\/p>","protected":false},"excerpt":{"rendered":"<p>Pon\u00fakame V\u00e1m prec\u00edznu pr\u00edpravu na prij\u00edmacie pohovory zo slovensk\u00e9ho jazyka a literat\u00fary na v\u0161etky typy \u0161k\u00f4l.<\/p>\n","protected":false},"author":1,"featured_media":0,"parent":160,"menu_order":0,"comment_status":"closed","ping_status":"closed","template":"","meta":{"_s2mail":"yes","footnotes":""},"class_list":["post-157","page","type-page","status-publish","hentry","post"],"yoast_head":"<!-- This site is optimized with the Yoast SEO plugin v15.5 - https:\/\/yoast.com\/wordpress\/plugins\/seo\/ -->\n<title>Slovak4u.com|Preparation for exams|Pr\u00edprava na prij\u00edma\u010dky<\/title>\n<meta name=\"robots\" content=\"index, follow, max-snippet:-1, max-image-preview:large, max-video-preview:-1\" \/>\n<link rel=\"canonical\" href=\"https:\/\/slovak4u.com\/languages-and-education-jazyky-a-vzdelavanie\/slovak-language-slovensky-jazyk\/preparation-for-slovak-language-exams-priprava-na-prijimacie-pohovory-zo-slovenskeho-jazyka\/\" \/>\n<meta property=\"og:locale\" content=\"sk_SK\" \/>\n<meta property=\"og:type\" content=\"article\" \/>\n<meta property=\"og:title\" content=\"Slovak4u.com|Preparation for exams|Pr\u00edprava na prij\u00edma\u010dky\" \/>\n<meta property=\"og:description\" content=\"Pon\u00fakame V\u00e1m prec\u00edznu pr\u00edpravu na prij\u00edmacie pohovory zo slovensk\u00e9ho jazyka a literat\u00fary na v\u0161etky typy \u0161k\u00f4l.\" \/>\n<meta property=\"og:url\" content=\"https:\/\/slovak4u.com\/languages-and-education-jazyky-a-vzdelavanie\/slovak-language-slovensky-jazyk\/preparation-for-slovak-language-exams-priprava-na-prijimacie-pohovory-zo-slovenskeho-jazyka\/\" \/>\n<meta property=\"og:site_name\" content=\"Slovak4U.com | Sloven\u010dina | Angli\u010dtina | Slovak | English\" \/>\n<meta property=\"article:modified_time\" content=\"2014-10-14T11:38:14+00:00\" \/>\n<meta name=\"twitter:card\" content=\"summary_large_image\" \/>\n<meta name=\"twitter:label1\" content=\"Predpokladan\u00fd \u010das \u010d\u00edtania\">\n\t<meta name=\"twitter:data1\" content=\"0 min\u00fat\">\n<script type=\"application\/ld+json\" class=\"yoast-schema-graph\">{\"@context\":\"https:\/\/schema.org\",\"@graph\":[{\"@type\":\"WebSite\",\"@id\":\"https:\/\/slovak4u.com\/#website\",\"url\":\"https:\/\/slovak4u.com\/\",\"name\":\"Slovak4U.com | Sloven\\u010dina | Angli\\u010dtina | Slovak | English\",\"description\":\"Slovak4U.com | Slovak | English | Sloven\\u010dina | Angli\\u010dtina\",\"potentialAction\":[{\"@type\":\"SearchAction\",\"target\":\"https:\/\/slovak4u.com\/?s={search_term_string}\",\"query-input\":\"required name=search_term_string\"}],\"inLanguage\":\"sk-SK\"},{\"@type\":\"WebPage\",\"@id\":\"https:\/\/slovak4u.com\/languages-and-education-jazyky-a-vzdelavanie\/slovak-language-slovensky-jazyk\/preparation-for-slovak-language-exams-priprava-na-prijimacie-pohovory-zo-slovenskeho-jazyka\/#webpage\",\"url\":\"https:\/\/slovak4u.com\/languages-and-education-jazyky-a-vzdelavanie\/slovak-language-slovensky-jazyk\/preparation-for-slovak-language-exams-priprava-na-prijimacie-pohovory-zo-slovenskeho-jazyka\/\",\"name\":\"Slovak4u.com|Preparation for exams|Pr\\u00edprava na prij\\u00edma\\u010dky\",\"isPartOf\":{\"@id\":\"https:\/\/slovak4u.com\/#website\"},\"datePublished\":\"2014-08-14T14:12:06+00:00\",\"dateModified\":\"2014-10-14T11:38:14+00:00\",\"inLanguage\":\"sk-SK\",\"potentialAction\":[{\"@type\":\"ReadAction\",\"target\":[\"https:\/\/slovak4u.com\/languages-and-education-jazyky-a-vzdelavanie\/slovak-language-slovensky-jazyk\/preparation-for-slovak-language-exams-priprava-na-prijimacie-pohovory-zo-slovenskeho-jazyka\/\"]}]}]}<\/script>\n<!-- \/ Yoast SEO plugin. -->","_links":{"self":[{"href":"https:\/\/slovak4u.com\/sk\/wp-json\/wp\/v2\/pages\/157","targetHints":{"allow":["GET"]}}],"collection":[{"href":"https:\/\/slovak4u.com\/sk\/wp-json\/wp\/v2\/pages"}],"about":[{"href":"https:\/\/slovak4u.com\/sk\/wp-json\/wp\/v2\/types\/page"}],"author":[{"embeddable":true,"href":"https:\/\/slovak4u.com\/sk\/wp-json\/wp\/v2\/users\/1"}],"replies":[{"embeddable":true,"href":"https:\/\/slovak4u.com\/sk\/wp-json\/wp\/v2\/comments?post=157"}],"version-history":[{"count":7,"href":"https:\/\/slovak4u.com\/sk\/wp-json\/wp\/v2\/pages\/157\/revisions"}],"predecessor-version":[{"id":326,"href":"https:\/\/slovak4u.com\/sk\/wp-json\/wp\/v2\/pages\/157\/revisions\/326"}],"up":[{"embeddable":true,"href":"https:\/\/slovak4u.com\/sk\/wp-json\/wp\/v2\/pages\/160"}],"wp:attachment":[{"href":"https:\/\/slovak4u.com\/sk\/wp-json\/wp\/v2\/media?parent=157"}],"curies":[{"name":"wp","href":"https:\/\/api.w.org\/{rel}","templated":true}]}}