{"id":151,"date":"2014-08-14T14:58:48","date_gmt":"2014-08-14T13:58:48","guid":{"rendered":"http:\/\/slovak4u.com\/?page_id=151"},"modified":"2014-09-01T09:29:00","modified_gmt":"2014-09-01T07:29:00","slug":"english-for-seniors-anglictina-pre-seniorov","status":"publish","type":"page","link":"https:\/\/slovak4u.com\/sk\/languages-and-education-jazyky-a-vzdelavanie\/english-language-anglicky-jazyk\/english-for-seniors-anglictina-pre-seniorov\/","title":{"rendered":"Angli\u010dtina pre seniorov"},"content":{"rendered":"<p>Najd\u00f4le\u017eitej\u0161ou motiv\u00e1ciou, pre\u010do za\u010da\u0165 so \u0161t\u00fadiom cudzieho jazyka aj vo vy\u0161\u0161om veku, je mo\u017enos\u0165 zapoji\u0165 sa do mno\u017estva zauj\u00edmav\u00fdch aktiv\u00edt, ktor\u00fdm ste sa pre neznalos\u0165 jazyka doposia\u013e vyh\u00fdbali.<\/p>\n<p>Vyu\u017eite napr\u00edklad mo\u017enos\u0165<\/p>\n<ul>\n<li>samostatne vycestova\u0165 do zahrani\u010dia a dorozumie\u0165 sa v nezn\u00e1mom prostred\u00ed,<\/li>\n<li>zmysluplne vyu\u017ei\u0165 vo\u013en\u00fd \u010das,<\/li>\n<li>komunikova\u0165 s rodinn\u00fdmi pr\u00edslu\u0161n\u00edkmi a priate\u013emi \u017eij\u00facimi v zahrani\u010d\u00ed,<\/li>\n<li>\u0161t\u00fadia u\u010debn\u00fdch materi\u00e1lov v angli\u010dtine, ktor\u00e9 s\u00fa potrebn\u00e9 na zv\u00fd\u0161enie \u010di doplnenie kvalifik\u00e1cie \u010di obohatenie vlastn\u00e9ho okruhu z\u00e1ujmov, a mnoh\u00e9 in\u00e9 &#8230;<\/li>\n<\/ul>\n<p>V komornej atmosf\u00e9re sa m\u00f4\u017eete pok\u00fasi\u0165 dosiahnu\u0165 toto v\u0161etko a e\u0161te ove\u013ea viac bez ob\u00e1v z v\u00fdsmechu alebo zlyhania. U\u010debn\u00e1 l\u00e1tka bude plne prisp\u00f4soben\u00e1 V\u00e1\u0161mu tempu a po\u017eiadavk\u00e1m.<\/p>","protected":false},"excerpt":{"rendered":"<p>Najd\u00f4le\u017eitej\u0161ou motiv\u00e1ciou, pre\u010do za\u010da\u0165 so \u0161t\u00fadiom cudzieho jazyka aj vo vy\u0161\u0161om veku, je mo\u017enos\u0165 zapoji\u0165 sa do mno\u017estva zauj\u00edmav\u00fdch aktiv\u00edt, ktor\u00fdm ste sa pre neznalos\u0165 jazyka doposia\u013e vyh\u00fdbali. Vyu\u017eite napr\u00edklad mo\u017enos\u0165 samostatne vycestova\u0165 do zahrani\u010dia a dorozumie\u0165 sa v nezn\u00e1mom prostred\u00ed, zmysluplne vyu\u017ei\u0165 vo\u013en\u00fd \u010das, komunikova\u0165 s rodinn\u00fdmi pr\u00edslu\u0161n\u00edkmi a priate\u013emi \u017eij\u00facimi v zahrani\u010d\u00ed, \u0161t\u00fadia [&hellip;]<\/p>\n","protected":false},"author":1,"featured_media":0,"parent":163,"menu_order":0,"comment_status":"closed","ping_status":"closed","template":"","meta":{"_s2mail":"yes","footnotes":""},"class_list":["post-151","page","type-page","status-publish","hentry","post"],"yoast_head":"<!-- This site is optimized with the Yoast SEO plugin v15.5 - https:\/\/yoast.com\/wordpress\/plugins\/seo\/ -->\n<title>Slovak4U.com | English for Seniors | Angli\u010dtina pre seniorov<\/title>\n<meta name=\"robots\" content=\"index, follow, max-snippet:-1, max-image-preview:large, max-video-preview:-1\" \/>\n<link rel=\"canonical\" href=\"https:\/\/slovak4u.com\/sk\/languages-and-education-jazyky-a-vzdelavanie\/english-language-anglicky-jazyk\/english-for-seniors-anglictina-pre-seniorov\/\" \/>\n<meta property=\"og:locale\" content=\"sk_SK\" \/>\n<meta property=\"og:type\" content=\"article\" \/>\n<meta property=\"og:title\" content=\"Slovak4U.com | English for Seniors | Angli\u010dtina pre seniorov\" \/>\n<meta property=\"og:description\" content=\"Najd\u00f4le\u017eitej\u0161ou motiv\u00e1ciou, pre\u010do za\u010da\u0165 so \u0161t\u00fadiom cudzieho jazyka aj vo vy\u0161\u0161om veku, je mo\u017enos\u0165 zapoji\u0165 sa do mno\u017estva zauj\u00edmav\u00fdch aktiv\u00edt, ktor\u00fdm ste sa pre neznalos\u0165 jazyka doposia\u013e vyh\u00fdbali. Vyu\u017eite napr\u00edklad mo\u017enos\u0165 samostatne vycestova\u0165 do zahrani\u010dia a dorozumie\u0165 sa v nezn\u00e1mom prostred\u00ed, zmysluplne vyu\u017ei\u0165 vo\u013en\u00fd \u010das, komunikova\u0165 s rodinn\u00fdmi pr\u00edslu\u0161n\u00edkmi a priate\u013emi \u017eij\u00facimi v zahrani\u010d\u00ed, \u0161t\u00fadia [&hellip;]\" \/>\n<meta property=\"og:url\" content=\"https:\/\/slovak4u.com\/sk\/languages-and-education-jazyky-a-vzdelavanie\/english-language-anglicky-jazyk\/english-for-seniors-anglictina-pre-seniorov\/\" \/>\n<meta property=\"og:site_name\" content=\"Slovak4U.com | Sloven\u010dina | Angli\u010dtina | Slovak | English\" \/>\n<meta property=\"article:modified_time\" content=\"2014-09-01T07:29:00+00:00\" \/>\n<meta name=\"twitter:card\" content=\"summary_large_image\" \/>\n<meta name=\"twitter:label1\" content=\"Predpokladan\u00fd \u010das \u010d\u00edtania\">\n\t<meta name=\"twitter:data1\" content=\"1 min\u00fata\">\n<script type=\"application\/ld+json\" class=\"yoast-schema-graph\">{\"@context\":\"https:\/\/schema.org\",\"@graph\":[{\"@type\":\"WebSite\",\"@id\":\"https:\/\/slovak4u.com\/#website\",\"url\":\"https:\/\/slovak4u.com\/\",\"name\":\"Slovak4U.com | Sloven\\u010dina | Angli\\u010dtina | Slovak | English\",\"description\":\"Slovak4U.com | Slovak | English | Sloven\\u010dina | Angli\\u010dtina\",\"potentialAction\":[{\"@type\":\"SearchAction\",\"target\":\"https:\/\/slovak4u.com\/?s={search_term_string}\",\"query-input\":\"required name=search_term_string\"}],\"inLanguage\":\"sk-SK\"},{\"@type\":\"WebPage\",\"@id\":\"https:\/\/slovak4u.com\/sk\/languages-and-education-jazyky-a-vzdelavanie\/english-language-anglicky-jazyk\/english-for-seniors-anglictina-pre-seniorov\/#webpage\",\"url\":\"https:\/\/slovak4u.com\/sk\/languages-and-education-jazyky-a-vzdelavanie\/english-language-anglicky-jazyk\/english-for-seniors-anglictina-pre-seniorov\/\",\"name\":\"Slovak4U.com | English for Seniors | Angli\\u010dtina pre seniorov\",\"isPartOf\":{\"@id\":\"https:\/\/slovak4u.com\/#website\"},\"datePublished\":\"2014-08-14T13:58:48+00:00\",\"dateModified\":\"2014-09-01T07:29:00+00:00\",\"inLanguage\":\"sk-SK\",\"potentialAction\":[{\"@type\":\"ReadAction\",\"target\":[\"https:\/\/slovak4u.com\/sk\/languages-and-education-jazyky-a-vzdelavanie\/english-language-anglicky-jazyk\/english-for-seniors-anglictina-pre-seniorov\/\"]}]}]}<\/script>\n<!-- \/ Yoast SEO plugin. -->","_links":{"self":[{"href":"https:\/\/slovak4u.com\/sk\/wp-json\/wp\/v2\/pages\/151","targetHints":{"allow":["GET"]}}],"collection":[{"href":"https:\/\/slovak4u.com\/sk\/wp-json\/wp\/v2\/pages"}],"about":[{"href":"https:\/\/slovak4u.com\/sk\/wp-json\/wp\/v2\/types\/page"}],"author":[{"embeddable":true,"href":"https:\/\/slovak4u.com\/sk\/wp-json\/wp\/v2\/users\/1"}],"replies":[{"embeddable":true,"href":"https:\/\/slovak4u.com\/sk\/wp-json\/wp\/v2\/comments?post=151"}],"version-history":[{"count":6,"href":"https:\/\/slovak4u.com\/sk\/wp-json\/wp\/v2\/pages\/151\/revisions"}],"predecessor-version":[{"id":288,"href":"https:\/\/slovak4u.com\/sk\/wp-json\/wp\/v2\/pages\/151\/revisions\/288"}],"up":[{"embeddable":true,"href":"https:\/\/slovak4u.com\/sk\/wp-json\/wp\/v2\/pages\/163"}],"wp:attachment":[{"href":"https:\/\/slovak4u.com\/sk\/wp-json\/wp\/v2\/media?parent=151"}],"curies":[{"name":"wp","href":"https:\/\/api.w.org\/{rel}","templated":true}]}}