{"id":142,"date":"2014-08-14T14:49:58","date_gmt":"2014-08-14T13:49:58","guid":{"rendered":"http:\/\/slovak4u.com\/?page_id=142"},"modified":"2014-10-06T16:56:15","modified_gmt":"2014-10-06T14:56:15","slug":"methods-metodika-vyucby","status":"publish","type":"page","link":"https:\/\/slovak4u.com\/sk\/about-us\/methods-metodika-vyucby\/","title":{"rendered":"Metodika v\u00fdu\u010dby"},"content":{"rendered":"<p>Ovl\u00e1danie cudz\u00edch jazykov patrilo k z\u00e1kladn\u00fdm atrib\u00fatom vzdelanosti od najstar\u0161\u00edch \u010dias. S ich \u0161t\u00fadiom vznikali v hist\u00f3rii aj met\u00f3dy a techniky, ktor\u00e9 ho mali ur\u00fdchli\u0165 a zjednodu\u0161i\u0165. Nepopierame ich v\u00fdznam a sami sme sa niektor\u00fdmi z nich nechali in\u0161pirova\u0165. Z\u00e1rove\u0148 si mysl\u00edme, \u017ee najd\u00f4le\u017eitej\u0161ou dev\u00edzou pri \u0161t\u00fadiu cudzieho jazyka je Va\u0161a vlastn\u00e1 motiv\u00e1cia a chu\u0165 u\u010di\u0165 sa.<\/p>\n<p>Nesna\u017e\u00edme sa o revol\u00faciu vo v\u00fdu\u010dbe jazykov. Nepon\u00fakame z\u00e1zraky na po\u010dkanie.<\/p>\n<p>\u010co pon\u00fakame, je povzbudzuj\u00face prostredie a lektor, ktor\u00fd je Va\u0161\u00edm sprievodcom na ceste k dosiahnutiu po\u017eadovanej \u00farovne jazyka, jeho empatia a profesion\u00e1lny pr\u00edstup. Nenech\u00e1me V\u00e1s na tejto ceste sam\u00fdch. Vykro\u010dme spolu.<\/p>","protected":false},"excerpt":{"rendered":"<p>Ovl\u00e1danie cudz\u00edch jazykov patrilo k z\u00e1kladn\u00fdm atrib\u00fatom vzdelanosti od najstar\u0161\u00edch \u010dias. S ich \u0161t\u00fadiom vznikali v hist\u00f3rii aj met\u00f3dy a techniky, ktor\u00e9 ho mali ur\u00fdchli\u0165 a zjednodu\u0161i\u0165. Nepopierame ich v\u00fdznam a sami sme sa niektor\u00fdmi z nich nechali in\u0161pirova\u0165. Z\u00e1rove\u0148 si mysl\u00edme, \u017ee najd\u00f4le\u017eitej\u0161ou dev\u00edzou pri \u0161t\u00fadiu cudzieho jazyka je Va\u0161a vlastn\u00e1 motiv\u00e1cia a chu\u0165 [&hellip;]<\/p>\n","protected":false},"author":1,"featured_media":0,"parent":111,"menu_order":0,"comment_status":"closed","ping_status":"closed","template":"","meta":{"_s2mail":"yes","footnotes":""},"class_list":["post-142","page","type-page","status-publish","hentry","post"],"yoast_head":"<!-- This site is optimized with the Yoast SEO plugin v15.5 - https:\/\/yoast.com\/wordpress\/plugins\/seo\/ -->\n<title>Slovak4U.com | Teaching methods | Sp\u00f4soby v\u00fdu\u010dby<\/title>\n<meta name=\"robots\" content=\"index, follow, max-snippet:-1, max-image-preview:large, max-video-preview:-1\" \/>\n<link rel=\"canonical\" href=\"https:\/\/slovak4u.com\/sk\/about-us\/methods-metodika-vyucby\/\" \/>\n<meta property=\"og:locale\" content=\"sk_SK\" \/>\n<meta property=\"og:type\" content=\"article\" \/>\n<meta property=\"og:title\" content=\"Slovak4U.com | Teaching methods | Sp\u00f4soby v\u00fdu\u010dby\" \/>\n<meta property=\"og:description\" content=\"Ovl\u00e1danie cudz\u00edch jazykov patrilo k z\u00e1kladn\u00fdm atrib\u00fatom vzdelanosti od najstar\u0161\u00edch \u010dias. S ich \u0161t\u00fadiom vznikali v hist\u00f3rii aj met\u00f3dy a techniky, ktor\u00e9 ho mali ur\u00fdchli\u0165 a zjednodu\u0161i\u0165. Nepopierame ich v\u00fdznam a sami sme sa niektor\u00fdmi z nich nechali in\u0161pirova\u0165. Z\u00e1rove\u0148 si mysl\u00edme, \u017ee najd\u00f4le\u017eitej\u0161ou dev\u00edzou pri \u0161t\u00fadiu cudzieho jazyka je Va\u0161a vlastn\u00e1 motiv\u00e1cia a chu\u0165 [&hellip;]\" \/>\n<meta property=\"og:url\" content=\"https:\/\/slovak4u.com\/sk\/about-us\/methods-metodika-vyucby\/\" \/>\n<meta property=\"og:site_name\" content=\"Slovak4U.com | Sloven\u010dina | Angli\u010dtina | Slovak | English\" \/>\n<meta property=\"article:modified_time\" content=\"2014-10-06T14:56:15+00:00\" \/>\n<meta name=\"twitter:card\" content=\"summary_large_image\" \/>\n<meta name=\"twitter:label1\" content=\"Predpokladan\u00fd \u010das \u010d\u00edtania\">\n\t<meta name=\"twitter:data1\" content=\"1 min\u00fata\">\n<script type=\"application\/ld+json\" class=\"yoast-schema-graph\">{\"@context\":\"https:\/\/schema.org\",\"@graph\":[{\"@type\":\"WebSite\",\"@id\":\"https:\/\/slovak4u.com\/#website\",\"url\":\"https:\/\/slovak4u.com\/\",\"name\":\"Slovak4U.com | Sloven\\u010dina | Angli\\u010dtina | Slovak | English\",\"description\":\"Slovak4U.com | Slovak | English | Sloven\\u010dina | Angli\\u010dtina\",\"potentialAction\":[{\"@type\":\"SearchAction\",\"target\":\"https:\/\/slovak4u.com\/?s={search_term_string}\",\"query-input\":\"required name=search_term_string\"}],\"inLanguage\":\"sk-SK\"},{\"@type\":\"WebPage\",\"@id\":\"https:\/\/slovak4u.com\/sk\/about-us\/methods-metodika-vyucby\/#webpage\",\"url\":\"https:\/\/slovak4u.com\/sk\/about-us\/methods-metodika-vyucby\/\",\"name\":\"Slovak4U.com | Teaching methods | Sp\\u00f4soby v\\u00fdu\\u010dby\",\"isPartOf\":{\"@id\":\"https:\/\/slovak4u.com\/#website\"},\"datePublished\":\"2014-08-14T13:49:58+00:00\",\"dateModified\":\"2014-10-06T14:56:15+00:00\",\"inLanguage\":\"sk-SK\",\"potentialAction\":[{\"@type\":\"ReadAction\",\"target\":[\"https:\/\/slovak4u.com\/sk\/about-us\/methods-metodika-vyucby\/\"]}]}]}<\/script>\n<!-- \/ Yoast SEO plugin. -->","_links":{"self":[{"href":"https:\/\/slovak4u.com\/sk\/wp-json\/wp\/v2\/pages\/142","targetHints":{"allow":["GET"]}}],"collection":[{"href":"https:\/\/slovak4u.com\/sk\/wp-json\/wp\/v2\/pages"}],"about":[{"href":"https:\/\/slovak4u.com\/sk\/wp-json\/wp\/v2\/types\/page"}],"author":[{"embeddable":true,"href":"https:\/\/slovak4u.com\/sk\/wp-json\/wp\/v2\/users\/1"}],"replies":[{"embeddable":true,"href":"https:\/\/slovak4u.com\/sk\/wp-json\/wp\/v2\/comments?post=142"}],"version-history":[{"count":5,"href":"https:\/\/slovak4u.com\/sk\/wp-json\/wp\/v2\/pages\/142\/revisions"}],"predecessor-version":[{"id":321,"href":"https:\/\/slovak4u.com\/sk\/wp-json\/wp\/v2\/pages\/142\/revisions\/321"}],"up":[{"embeddable":true,"href":"https:\/\/slovak4u.com\/sk\/wp-json\/wp\/v2\/pages\/111"}],"wp:attachment":[{"href":"https:\/\/slovak4u.com\/sk\/wp-json\/wp\/v2\/media?parent=142"}],"curies":[{"name":"wp","href":"https:\/\/api.w.org\/{rel}","templated":true}]}}