{"id":111,"date":"2014-08-14T13:45:13","date_gmt":"2014-08-14T12:45:13","guid":{"rendered":"http:\/\/slovak4u.com\/?page_id=111"},"modified":"2014-08-28T18:26:08","modified_gmt":"2014-08-28T16:26:08","slug":"about-us","status":"publish","type":"page","link":"https:\/\/slovak4u.com\/sk\/about-us\/","title":{"rendered":"O n\u00e1s"},"content":{"rendered":"<p>Mil\u00ed \u0161tudenti,<\/p>\n<p>kliknut\u00edm na na\u0161u str\u00e1nku ste urobili prv\u00fd d\u00f4le\u017eit\u00fd krok k V\u00e1\u0161mu \u0161t\u00fadiu slovensk\u00e9ho a anglick\u00e9ho jazyka. Inform\u00e1cia, kto V\u00e1m bude poskytova\u0165 jazykov\u00e9 vzdel\u00e1vanie, patr\u00ed na za\u010diatku \u0161t\u00fadia k t\u00fdm najd\u00f4le\u017eitej\u0161\u00edm.<\/p>\n<p>H\u013ead\u00e1te kvalifikovan\u00e9ho pedag\u00f3ga? Ste na spr\u00e1vnej adrese. Vol\u00e1m sa Jana Nemcov\u00e1, \u0161tudovala som na FiF UK v Bratislave. Som dr\u017eite\u013eom medzin\u00e1rodn\u00fdch jazykov\u00fdch certifik\u00e1tov FCE a CAE. Po\u010das svojej 15-ro\u010dnej praxe som postupne z\u00edskavala sk\u00fasenosti s u\u010den\u00edm na r\u00f4znych typoch \u0161k\u00f4l:<\/p>\n<ul>\n<li>Z\u0160,<\/li>\n<li>gymn\u00e1zi\u00e1 (\u0160kola pre mimoriadne nadan\u00e9 deti, Bilingv\u00e1lne gymn\u00e1zium C.S. Lewisa),<\/li>\n<li>jazykov\u00e9 \u0161koly (PlusAcademia, Akad\u00e9mia vzdel\u00e1vania&#8230;),<\/li>\n<li>Univerzita tretieho veku (vzdel\u00e1vanie seniorov).<\/li>\n<\/ul>\n<p>Pracovala som so \u0161tudentmi r\u00f4znych vekov\u00fdch kateg\u00f3ri\u00ed. Mojimi \u017eiakmi boli najmen\u0161ie deti ale i vit\u00e1lni osemdesiatnici.<\/p>\n<p>Za\u010da\u0165 naozaj nie je nikdy neskoro. Te\u0161\u00edm sa na V\u00e1s, spolu to ur\u010dite zvl\u00e1dneme.<\/p>","protected":false},"excerpt":{"rendered":"<p>Mil\u00ed \u0161tudenti, kliknut\u00edm na na\u0161u str\u00e1nku ste urobili prv\u00fd d\u00f4le\u017eit\u00fd krok k V\u00e1\u0161mu \u0161t\u00fadiu slovensk\u00e9ho a anglick\u00e9ho jazyka. Inform\u00e1cia, kto V\u00e1m bude poskytova\u0165 jazykov\u00e9 vzdel\u00e1vanie, patr\u00ed na za\u010diatku \u0161t\u00fadia k t\u00fdm najd\u00f4le\u017eitej\u0161\u00edm. H\u013ead\u00e1te kvalifikovan\u00e9ho pedag\u00f3ga? Ste na spr\u00e1vnej adrese. Vol\u00e1m sa Jana Nemcov\u00e1, \u0161tudovala som na FiF UK v Bratislave. Som dr\u017eite\u013eom medzin\u00e1rodn\u00fdch jazykov\u00fdch certifik\u00e1tov [&hellip;]<\/p>\n","protected":false},"author":1,"featured_media":0,"parent":0,"menu_order":0,"comment_status":"closed","ping_status":"closed","template":"templates\/template-full-notitle.php","meta":{"_s2mail":"yes","footnotes":""},"class_list":["post-111","page","type-page","status-publish","hentry","post"],"yoast_head":"<!-- This site is optimized with the Yoast SEO plugin v15.5 - https:\/\/yoast.com\/wordpress\/plugins\/seo\/ -->\n<title>Slovak4u.com | About us | O n\u00e1s<\/title>\n<meta name=\"robots\" content=\"index, follow, max-snippet:-1, max-image-preview:large, max-video-preview:-1\" \/>\n<link rel=\"canonical\" href=\"https:\/\/slovak4u.com\/about-us\/\" \/>\n<meta property=\"og:locale\" content=\"sk_SK\" \/>\n<meta property=\"og:type\" content=\"article\" \/>\n<meta property=\"og:title\" content=\"Slovak4u.com | About us | O n\u00e1s\" \/>\n<meta property=\"og:description\" content=\"Mil\u00ed \u0161tudenti, kliknut\u00edm na na\u0161u str\u00e1nku ste urobili prv\u00fd d\u00f4le\u017eit\u00fd krok k V\u00e1\u0161mu \u0161t\u00fadiu slovensk\u00e9ho a anglick\u00e9ho jazyka. Inform\u00e1cia, kto V\u00e1m bude poskytova\u0165 jazykov\u00e9 vzdel\u00e1vanie, patr\u00ed na za\u010diatku \u0161t\u00fadia k t\u00fdm najd\u00f4le\u017eitej\u0161\u00edm. H\u013ead\u00e1te kvalifikovan\u00e9ho pedag\u00f3ga? Ste na spr\u00e1vnej adrese. Vol\u00e1m sa Jana Nemcov\u00e1, \u0161tudovala som na FiF UK v Bratislave. Som dr\u017eite\u013eom medzin\u00e1rodn\u00fdch jazykov\u00fdch certifik\u00e1tov [&hellip;]\" \/>\n<meta property=\"og:url\" content=\"https:\/\/slovak4u.com\/about-us\/\" \/>\n<meta property=\"og:site_name\" content=\"Slovak4U.com | Sloven\u010dina | Angli\u010dtina | Slovak | English\" \/>\n<meta property=\"article:modified_time\" content=\"2014-08-28T16:26:08+00:00\" \/>\n<meta name=\"twitter:card\" content=\"summary_large_image\" \/>\n<meta name=\"twitter:label1\" content=\"Predpokladan\u00fd \u010das \u010d\u00edtania\">\n\t<meta name=\"twitter:data1\" content=\"1 min\u00fata\">\n<script type=\"application\/ld+json\" class=\"yoast-schema-graph\">{\"@context\":\"https:\/\/schema.org\",\"@graph\":[{\"@type\":\"WebSite\",\"@id\":\"https:\/\/slovak4u.com\/#website\",\"url\":\"https:\/\/slovak4u.com\/\",\"name\":\"Slovak4U.com | Sloven\\u010dina | Angli\\u010dtina | Slovak | English\",\"description\":\"Slovak4U.com | Slovak | English | Sloven\\u010dina | Angli\\u010dtina\",\"potentialAction\":[{\"@type\":\"SearchAction\",\"target\":\"https:\/\/slovak4u.com\/?s={search_term_string}\",\"query-input\":\"required name=search_term_string\"}],\"inLanguage\":\"sk-SK\"},{\"@type\":\"WebPage\",\"@id\":\"https:\/\/slovak4u.com\/about-us\/#webpage\",\"url\":\"https:\/\/slovak4u.com\/about-us\/\",\"name\":\"Slovak4u.com | About us | O n\\u00e1s\",\"isPartOf\":{\"@id\":\"https:\/\/slovak4u.com\/#website\"},\"datePublished\":\"2014-08-14T12:45:13+00:00\",\"dateModified\":\"2014-08-28T16:26:08+00:00\",\"inLanguage\":\"sk-SK\",\"potentialAction\":[{\"@type\":\"ReadAction\",\"target\":[\"https:\/\/slovak4u.com\/about-us\/\"]}]}]}<\/script>\n<!-- \/ Yoast SEO plugin. -->","_links":{"self":[{"href":"https:\/\/slovak4u.com\/sk\/wp-json\/wp\/v2\/pages\/111","targetHints":{"allow":["GET"]}}],"collection":[{"href":"https:\/\/slovak4u.com\/sk\/wp-json\/wp\/v2\/pages"}],"about":[{"href":"https:\/\/slovak4u.com\/sk\/wp-json\/wp\/v2\/types\/page"}],"author":[{"embeddable":true,"href":"https:\/\/slovak4u.com\/sk\/wp-json\/wp\/v2\/users\/1"}],"replies":[{"embeddable":true,"href":"https:\/\/slovak4u.com\/sk\/wp-json\/wp\/v2\/comments?post=111"}],"version-history":[{"count":10,"href":"https:\/\/slovak4u.com\/sk\/wp-json\/wp\/v2\/pages\/111\/revisions"}],"predecessor-version":[{"id":277,"href":"https:\/\/slovak4u.com\/sk\/wp-json\/wp\/v2\/pages\/111\/revisions\/277"}],"wp:attachment":[{"href":"https:\/\/slovak4u.com\/sk\/wp-json\/wp\/v2\/media?parent=111"}],"curies":[{"name":"wp","href":"https:\/\/api.w.org\/{rel}","templated":true}]}}